{"id":48,"date":"2026-01-28T20:54:10","date_gmt":"2026-01-28T20:54:10","guid":{"rendered":"https:\/\/unisversdemain.fr\/?page_id=48"},"modified":"2026-02-14T12:56:37","modified_gmt":"2026-02-14T12:56:37","slug":"bilan","status":"publish","type":"page","link":"https:\/\/unisversdemain.fr\/index.php\/bilan\/","title":{"rendered":"Le Bilan de mandat"},"content":{"rendered":"\n<h2 class=\"wp-block-heading\">Tenir nos engagements <\/h2>\n\n\n\n<figure class=\"wp-block-image size-full\"><img fetchpriority=\"high\" decoding=\"async\" width=\"1000\" height=\"558\" src=\"https:\/\/unisversdemain.fr\/wp-content\/uploads\/2026\/02\/photo-galerie.jpg\" alt=\"\" class=\"wp-image-108\" srcset=\"https:\/\/unisversdemain.fr\/wp-content\/uploads\/2026\/02\/photo-galerie.jpg 1000w, https:\/\/unisversdemain.fr\/wp-content\/uploads\/2026\/02\/photo-galerie-300x167.jpg 300w, https:\/\/unisversdemain.fr\/wp-content\/uploads\/2026\/02\/photo-galerie-768x429.jpg 768w\" sizes=\"(max-width: 1000px) 100vw, 1000px\" \/><\/figure>\n\n\n\n<p>Chaque action entreprise au cours des derni\u00e8res ann\u00e9es a \u00e9t\u00e9 guid\u00e9e par une volont\u00e9 unique : am\u00e9liorer concr\u00e8tement votre quotidien et pr\u00e9parer l&rsquo;avenir de notre commune. Ce bilan n&rsquo;est pas seulement un inventaire technique : c&rsquo;est le reflet de notre contrat de confiance.<\/p>\n\n\n\n<p>Nous avons structur\u00e9 notre action autour de deux axes majeurs :<\/p>\n\n\n\n<ul class=\"wp-block-list\">\n<li><strong>Les projets r\u00e9alis\u00e9s :<\/strong> des chantiers concrets qui transforment notre paysage et nos services de proximit\u00e9.<\/li>\n\n\n\n<li><strong>Les engagements tenus :<\/strong> le respect des engagements pris, qu&rsquo;ils soient humains, environnementaux ou budg\u00e9taires.<\/li>\n<\/ul>\n\n\n\n<p>Nous vous invitons \u00e0 parcourir cette page pour d\u00e9couvrir le chemin parcouru ensemble. Et la mani\u00e8re dont vos attentes ont pris forme au c\u0153ur de nos politiques publiques.<\/p>\n\n\n\n<h2 class=\"wp-block-heading\"><strong>Les projets r\u00e9alis\u00e9s <\/strong><\/h2>\n\n\n\n<figure class=\"wp-block-image size-large\"><img decoding=\"async\" width=\"1024\" height=\"600\" src=\"https:\/\/unisversdemain.fr\/wp-content\/uploads\/2026\/02\/projets-1-1024x600.png\" alt=\"\" class=\"wp-image-101\" srcset=\"https:\/\/unisversdemain.fr\/wp-content\/uploads\/2026\/02\/projets-1-1024x600.png 1024w, https:\/\/unisversdemain.fr\/wp-content\/uploads\/2026\/02\/projets-1-300x176.png 300w, https:\/\/unisversdemain.fr\/wp-content\/uploads\/2026\/02\/projets-1-768x450.png 768w, https:\/\/unisversdemain.fr\/wp-content\/uploads\/2026\/02\/projets-1.png 1368w\" sizes=\"(max-width: 1024px) 100vw, 1024px\" \/><\/figure>\n\n\n\n<p>De nombreuses infrastructures et travaux ont \u00e9t\u00e9 r\u00e9alis\u00e9s au cours de ce mandat 2020-2026. Nous avons voulu mettre ces projets au c\u0153ur de nos priorit\u00e9s afin de rendre aux habitants un meilleur cadre de vie.<br><strong>Paulette Juilien-Peuvion <\/strong>a su convaincre de multiples instances pour obtenir les financements n\u00e9cessaires \u00e0 leur r\u00e9alisation.<\/p>\n\n\n\n<figure class=\"wp-block-image size-large\"><img decoding=\"async\" width=\"1024\" height=\"625\" src=\"https:\/\/unisversdemain.fr\/wp-content\/uploads\/2026\/02\/projets-2-1024x625.png\" alt=\"\" class=\"wp-image-102\" srcset=\"https:\/\/unisversdemain.fr\/wp-content\/uploads\/2026\/02\/projets-2-1024x625.png 1024w, https:\/\/unisversdemain.fr\/wp-content\/uploads\/2026\/02\/projets-2-300x183.png 300w, https:\/\/unisversdemain.fr\/wp-content\/uploads\/2026\/02\/projets-2-768x468.png 768w, https:\/\/unisversdemain.fr\/wp-content\/uploads\/2026\/02\/projets-2.png 1364w\" sizes=\"(max-width: 1024px) 100vw, 1024px\" \/><\/figure>\n\n\n\n<p><\/p>\n\n\n\n<h2 class=\"wp-block-heading\">Nos engagements tenus <\/h2>\n\n\n\n<p><strong>Paulette Juilien-Peuvion<\/strong> entour\u00e9e d\u2019une \u00e9quipe motiv\u00e9e et soud\u00e9e, a confirm\u00e9 son engagement pour la population en \u00e9tant \u00e9lue maire en 2017, puis r\u00e9\u00e9lue en 2020, tout en portant la voix du territoire comme conseill\u00e8re r\u00e9gionale.<\/p>\n\n\n\n<p>Cette double exp\u00e9rience lui permet de mobiliser un r\u00e9seau solide. Cette \u00e9quipe poursuit la transformation de la ville avec pragmatisme, veillant \u00e0 conjuguer d\u00e9veloppement ambitieux et pr\u00e9servation de la qualit\u00e9 de vie pour tous.<\/p>\n\n\n\n<div class=\"wp-block-columns is-layout-flex wp-container-core-columns-is-layout-28f84493 wp-block-columns-is-layout-flex\">\n<div class=\"wp-block-column is-layout-flow wp-block-column-is-layout-flow\">\n<h3 class=\"wp-block-heading\">Environnement, nature et cadre de vie<\/h3>\n\n\n\n<ul class=\"wp-block-list\">\n<li>1 683 arbres et arbustes plant\u00e9s \u2013 Festival de l\u2019Arbre<\/li>\n\n\n\n<li>Concours de maisons et jardins fleuris &#8211; 1\u00e8re Fleur<\/li>\n\n\n\n<li>\u00c9tude de pr\u00e9servation du front de mer<\/li>\n\n\n\n<li>Travaux de curage du bassin de r\u00e9tention rue Corne<\/li>\n\n\n\n<li>Points de collecte des d\u00e9chets verts<\/li>\n\n\n\n<li>Op\u00e9ration \u00ab\u00a0Hauts-de-France Propres\u00a0\u00bb<\/li>\n\n\n\n<li>Travaux d\u2019entretien et de consolidation suite aux inondations<\/li>\n\n\n\n<li>\u00c9lagage sur de nombreux axes de la station<\/li>\n\n\n\n<li>Op\u00e9ration de balayage automatique sur toute la commune<\/li>\n\n\n\n<li>Convention ALCOME &#8211; collecte des m\u00e9gots<\/li>\n\n\n\n<li>Label Villes et villages \u00e9toil\u00e9s<\/li>\n<\/ul>\n\n\n\n<h3 class=\"wp-block-heading\">Gestion financi\u00e8re et attractivit\u00e9<\/h3>\n\n\n\n<ul class=\"wp-block-list\">\n<li>Pas d\u2019augmentation des taux des imp\u00f4ts locaux<\/li>\n\n\n\n<li>Budget ma\u00eetris\u00e9 (24 M\u20ac d\u2019investissement et 6 M\u20ac de subventions obtenues)<\/li>\n\n\n\n<li>Croissance d\u00e9mographique : 4 189 habitants<\/li>\n\n\n\n<li>Accompagnement des commer\u00e7ants<\/li>\n\n\n\n<li>Soutien au d\u00e9veloppement touristique<\/li>\n<\/ul>\n\n\n\n<h3 class=\"wp-block-heading\">Voirie, r\u00e9seaux et s\u00e9curit\u00e9<\/h3>\n\n\n\n<ul class=\"wp-block-list\">\n<li>Entretien de la voirie (75 627 m\u00b2 sur le mandat)<\/li>\n\n\n\n<li>Travaux d\u2019am\u00e9lioration du r\u00e9seau d\u2019eau<\/li>\n\n\n\n<li>Modernisation de la d\u00e9fense incendie<\/li>\n\n\n\n<li>R\u00e9fection et s\u00e9curisation de la v\u00e9loroute (dispositifs anti-acc\u00e8s motoris\u00e9s)<\/li>\n\n\n\n<li>Nouveau poste de police municipale et renforcement de l\u2019\u00e9quipe<\/li>\n\n\n\n<li>Extension du r\u00e9seau de vid\u00e9osurveillance (1\u00e8re phase)<\/li>\n\n\n\n<li>\u00c9clairage LED sur diff\u00e9rents secteurs de la ville<\/li>\n\n\n\n<li>Label \u00ab\u00a0Ville Internet &amp; Ville Prudente\u00a0\u00bb<\/li>\n<\/ul>\n<\/div>\n<\/div>\n\n\n\n<h3 class=\"wp-block-heading\">Sport, loisirs et \u00e9v\u00e9nements<\/h3>\n\n\n\n<ul class=\"wp-block-list\">\n<li>Boucles d\u2019Hardelot<\/li>\n\n\n\n<li>Trail des Lumi\u00e8res<\/li>\n\n\n\n<li>1\u00e8re Beach Race<\/li>\n\n\n\n<li>Nouveau stade \u00e9questre en sable<\/li>\n\n\n\n<li>Cr\u00e9ation d\u2019Hardelot Animations<\/li>\n\n\n\n<li>Soutien aux manifestations majeures<\/li>\n\n\n\n<li>40 associations soutenues<\/li>\n\n\n\n<li>Salon du bien-\u00eatre et Salon Gourmand<\/li>\n\n\n\n<li>Reprise de la gestion du cin\u00e9ma<\/li>\n\n\n\n<li>Jazz Opale Festival<\/li>\n<\/ul>\n\n\n\n<h3 class=\"wp-block-heading\">Am\u00e9nagement du territoire et urbanisme<\/h3>\n\n\n\n<ul class=\"wp-block-list\">\n<li>Am\u00e9nagement de la rue de l\u2019\u00e9glise, des rues du 8 mai, 11 novembre ainsi que les avenues Foch, Marne, Yser\u2026<\/li>\n\n\n\n<li>Poursuite des travaux d\u2019enfouissement du r\u00e9seau d\u2019\u00e9clairage public<\/li>\n\n\n\n<li>Extension du nouveau cimeti\u00e8re<\/li>\n\n\n\n<li>Nouveaux sanitaires int\u00e9gr\u00e9s et accessibles (digue, Jardin de l\u2019\u00e9glise Saint-Pierre et bord de mer)<\/li>\n\n\n\n<li>Nouvelle toiture pour le pigeonnier \u00e0 l\u2019espace Malraux<\/li>\n\n\n\n<li>R\u00e9novation des cabines de plage<\/li>\n\n\n\n<li>Mise en place d\u2019un contr\u00f4le d\u2019acc\u00e8s au point propre<\/li>\n\n\n\n<li>R\u00e9fection de la toiture de la salle des sports des All\u00e9es et installation de panneaux solaires<\/li>\n\n\n\n<li>R\u00e9novation des services techniques rue d\u2019Artois<\/li>\n\n\n\n<li>Mise en place de l\u2019abri \u00ab pluie \u00bb au groupe scolaire Bl\u00e9riot-Dolto<\/li>\n<\/ul>\n\n\n\n<h3 class=\"wp-block-heading\">Mobilit\u00e9 et transports<\/h3>\n\n\n\n<ul class=\"wp-block-list\">\n<li>Am\u00e9lioration de la desserte de la commune : gare, bus\u2026<\/li>\n\n\n\n<li>D\u00e9veloppement de la mobilit\u00e9 douce (chaucidou,<br>participation \u00e0 l\u2019op\u00e9ration \u00ab\u00a0Mai \u00e0 v\u00e9lo\u00a0\u00bb)<\/li>\n\n\n\n<li>D\u00e9ploiement de la navette sur la p\u00e9riode estivale<\/li>\n\n\n\n<li>Soutien au d\u00e9veloppement des bornes de recharge<\/li>\n\n\n\n<li>Acc\u00e8s du transport scolaire communal aux habitants<\/li>\n<\/ul>\n\n\n\n<h3 class=\"wp-block-heading\">Modernisation, num\u00e9rique et administration<\/h3>\n\n\n\n<ul class=\"wp-block-list\">\n<li>Cr\u00e9ation d\u2019un espace de coworking<\/li>\n\n\n\n<li>D\u00e9mat\u00e9rialisation du droit des sols<\/li>\n\n\n\n<li>Permanence des services administratifs (Av. Concorde)<\/li>\n\n\n\n<li>R\u00e9unions entre habitants et \u00e9lus<\/li>\n\n\n\n<li>R\u00e9f\u00e9rents de quartiers<\/li>\n\n\n\n<li>D\u00e9ploiement de la fibre et de la t\u00e9l\u00e9phonie mobile<\/li>\n\n\n\n<li>Installation de bornes tactiles<\/li>\n<\/ul>\n\n\n\n<h3 class=\"wp-block-heading\">Solidarit\u00e9, famille et jeunesse<\/h3>\n\n\n\n<ul class=\"wp-block-list\">\n<li>Activit\u00e9s pour les seniors<\/li>\n\n\n\n<li>Actions sur la Semaine bleue<\/li>\n\n\n\n<li>Modernisation du multi-accueil Le Petit Prince<\/li>\n\n\n\n<li>Un accueil de loisirs attractif (soir\u00e9es coll\u00e8ge, jeux en famille\u2026)<\/li>\n\n\n\n<li>Mise en place d\u2019un portail web pour les habitants<\/li>\n\n\n\n<li>Engagement pour Octobre Rose<\/li>\n\n\n\n<li>Label \u00ab\u00a0Famille Plus\u00a0\u00bb renouvel\u00e9<\/li>\n<\/ul>\n\n\n\n<p><\/p>\n","protected":false},"excerpt":{"rendered":"<p>Tenir nos engagements Chaque action entreprise au cours des derni\u00e8res ann\u00e9es a \u00e9t\u00e9 guid\u00e9e par une volont\u00e9 unique : am\u00e9liorer concr\u00e8tement votre quotidien et pr\u00e9parer l&rsquo;avenir de notre commune. Ce bilan n&rsquo;est pas seulement un inventaire technique : c&rsquo;est le reflet de notre contrat de confiance. Nous avons structur\u00e9 notre action autour de deux axes [&hellip;]<\/p>\n","protected":false},"author":1,"featured_media":0,"parent":0,"menu_order":0,"comment_status":"closed","ping_status":"closed","template":"","meta":{"footnotes":""},"class_list":["post-48","page","type-page","status-publish","hentry"],"yoast_head":"<!-- This site is optimized with the Yoast SEO plugin v27.0 - https:\/\/yoast.com\/product\/yoast-seo-wordpress\/ -->\n<title>Le Bilan de mandat - Unis vers Demain<\/title>\n<meta name=\"robots\" content=\"index, follow, max-snippet:-1, max-image-preview:large, max-video-preview:-1\" \/>\n<link rel=\"canonical\" href=\"http:\/\/unisversdemain.fr\/index.php\/bilan\/\" \/>\n<meta property=\"og:locale\" content=\"fr_FR\" \/>\n<meta property=\"og:type\" content=\"article\" \/>\n<meta property=\"og:title\" content=\"Le Bilan de mandat - Unis vers Demain\" \/>\n<meta property=\"og:description\" content=\"Tenir nos engagements Chaque action entreprise au cours des derni\u00e8res ann\u00e9es a \u00e9t\u00e9 guid\u00e9e par une volont\u00e9 unique : am\u00e9liorer concr\u00e8tement votre quotidien et pr\u00e9parer l&rsquo;avenir de notre commune. Ce bilan n&rsquo;est pas seulement un inventaire technique : c&rsquo;est le reflet de notre contrat de confiance. Nous avons structur\u00e9 notre action autour de deux axes [&hellip;]\" \/>\n<meta property=\"og:url\" content=\"http:\/\/unisversdemain.fr\/index.php\/bilan\/\" \/>\n<meta property=\"og:site_name\" content=\"Unis vers Demain\" \/>\n<meta property=\"article:modified_time\" content=\"2026-02-14T12:56:37+00:00\" \/>\n<meta property=\"og:image\" content=\"https:\/\/unisversdemain.fr\/wp-content\/uploads\/2026\/02\/photo-galerie.jpg\" \/>\n<meta name=\"twitter:card\" content=\"summary_large_image\" \/>\n<meta name=\"twitter:label1\" content=\"Dur\u00e9e de lecture estim\u00e9e\" \/>\n\t<meta name=\"twitter:data1\" content=\"5 minutes\" \/>\n<script type=\"application\/ld+json\" class=\"yoast-schema-graph\">{\"@context\":\"https:\/\/schema.org\",\"@graph\":[{\"@type\":\"WebPage\",\"@id\":\"http:\/\/unisversdemain.fr\/index.php\/bilan\/\",\"url\":\"http:\/\/unisversdemain.fr\/index.php\/bilan\/\",\"name\":\"Le Bilan de mandat - Unis vers Demain\",\"isPartOf\":{\"@id\":\"https:\/\/unisversdemain.fr\/#website\"},\"primaryImageOfPage\":{\"@id\":\"http:\/\/unisversdemain.fr\/index.php\/bilan\/#primaryimage\"},\"image\":{\"@id\":\"http:\/\/unisversdemain.fr\/index.php\/bilan\/#primaryimage\"},\"thumbnailUrl\":\"https:\/\/unisversdemain.fr\/wp-content\/uploads\/2026\/02\/photo-galerie.jpg\",\"datePublished\":\"2026-01-28T20:54:10+00:00\",\"dateModified\":\"2026-02-14T12:56:37+00:00\",\"breadcrumb\":{\"@id\":\"http:\/\/unisversdemain.fr\/index.php\/bilan\/#breadcrumb\"},\"inLanguage\":\"fr-FR\",\"potentialAction\":[{\"@type\":\"ReadAction\",\"target\":[\"http:\/\/unisversdemain.fr\/index.php\/bilan\/\"]}]},{\"@type\":\"ImageObject\",\"inLanguage\":\"fr-FR\",\"@id\":\"http:\/\/unisversdemain.fr\/index.php\/bilan\/#primaryimage\",\"url\":\"https:\/\/unisversdemain.fr\/wp-content\/uploads\/2026\/02\/photo-galerie.jpg\",\"contentUrl\":\"https:\/\/unisversdemain.fr\/wp-content\/uploads\/2026\/02\/photo-galerie.jpg\",\"width\":1000,\"height\":558},{\"@type\":\"BreadcrumbList\",\"@id\":\"http:\/\/unisversdemain.fr\/index.php\/bilan\/#breadcrumb\",\"itemListElement\":[{\"@type\":\"ListItem\",\"position\":1,\"name\":\"Accueil\",\"item\":\"https:\/\/unisversdemain.fr\/\"},{\"@type\":\"ListItem\",\"position\":2,\"name\":\"Le Bilan de mandat\"}]},{\"@type\":\"WebSite\",\"@id\":\"https:\/\/unisversdemain.fr\/#website\",\"url\":\"https:\/\/unisversdemain.fr\/\",\"name\":\"Unis vers Demain\",\"description\":\"Neufch\u00e2tel-Hardelot\",\"potentialAction\":[{\"@type\":\"SearchAction\",\"target\":{\"@type\":\"EntryPoint\",\"urlTemplate\":\"https:\/\/unisversdemain.fr\/?s={search_term_string}\"},\"query-input\":{\"@type\":\"PropertyValueSpecification\",\"valueRequired\":true,\"valueName\":\"search_term_string\"}}],\"inLanguage\":\"fr-FR\"}]}<\/script>\n<!-- \/ Yoast SEO plugin. -->","yoast_head_json":{"title":"Le Bilan de mandat - Unis vers Demain","robots":{"index":"index","follow":"follow","max-snippet":"max-snippet:-1","max-image-preview":"max-image-preview:large","max-video-preview":"max-video-preview:-1"},"canonical":"http:\/\/unisversdemain.fr\/index.php\/bilan\/","og_locale":"fr_FR","og_type":"article","og_title":"Le Bilan de mandat - Unis vers Demain","og_description":"Tenir nos engagements Chaque action entreprise au cours des derni\u00e8res ann\u00e9es a \u00e9t\u00e9 guid\u00e9e par une volont\u00e9 unique : am\u00e9liorer concr\u00e8tement votre quotidien et pr\u00e9parer l&rsquo;avenir de notre commune. Ce bilan n&rsquo;est pas seulement un inventaire technique : c&rsquo;est le reflet de notre contrat de confiance. Nous avons structur\u00e9 notre action autour de deux axes [&hellip;]","og_url":"http:\/\/unisversdemain.fr\/index.php\/bilan\/","og_site_name":"Unis vers Demain","article_modified_time":"2026-02-14T12:56:37+00:00","og_image":[{"url":"https:\/\/unisversdemain.fr\/wp-content\/uploads\/2026\/02\/photo-galerie.jpg","type":"","width":"","height":""}],"twitter_card":"summary_large_image","twitter_misc":{"Dur\u00e9e de lecture estim\u00e9e":"5 minutes"},"schema":{"@context":"https:\/\/schema.org","@graph":[{"@type":"WebPage","@id":"http:\/\/unisversdemain.fr\/index.php\/bilan\/","url":"http:\/\/unisversdemain.fr\/index.php\/bilan\/","name":"Le Bilan de mandat - Unis vers Demain","isPartOf":{"@id":"https:\/\/unisversdemain.fr\/#website"},"primaryImageOfPage":{"@id":"http:\/\/unisversdemain.fr\/index.php\/bilan\/#primaryimage"},"image":{"@id":"http:\/\/unisversdemain.fr\/index.php\/bilan\/#primaryimage"},"thumbnailUrl":"https:\/\/unisversdemain.fr\/wp-content\/uploads\/2026\/02\/photo-galerie.jpg","datePublished":"2026-01-28T20:54:10+00:00","dateModified":"2026-02-14T12:56:37+00:00","breadcrumb":{"@id":"http:\/\/unisversdemain.fr\/index.php\/bilan\/#breadcrumb"},"inLanguage":"fr-FR","potentialAction":[{"@type":"ReadAction","target":["http:\/\/unisversdemain.fr\/index.php\/bilan\/"]}]},{"@type":"ImageObject","inLanguage":"fr-FR","@id":"http:\/\/unisversdemain.fr\/index.php\/bilan\/#primaryimage","url":"https:\/\/unisversdemain.fr\/wp-content\/uploads\/2026\/02\/photo-galerie.jpg","contentUrl":"https:\/\/unisversdemain.fr\/wp-content\/uploads\/2026\/02\/photo-galerie.jpg","width":1000,"height":558},{"@type":"BreadcrumbList","@id":"http:\/\/unisversdemain.fr\/index.php\/bilan\/#breadcrumb","itemListElement":[{"@type":"ListItem","position":1,"name":"Accueil","item":"https:\/\/unisversdemain.fr\/"},{"@type":"ListItem","position":2,"name":"Le Bilan de mandat"}]},{"@type":"WebSite","@id":"https:\/\/unisversdemain.fr\/#website","url":"https:\/\/unisversdemain.fr\/","name":"Unis vers Demain","description":"Neufch\u00e2tel-Hardelot","potentialAction":[{"@type":"SearchAction","target":{"@type":"EntryPoint","urlTemplate":"https:\/\/unisversdemain.fr\/?s={search_term_string}"},"query-input":{"@type":"PropertyValueSpecification","valueRequired":true,"valueName":"search_term_string"}}],"inLanguage":"fr-FR"}]}},"_links":{"self":[{"href":"https:\/\/unisversdemain.fr\/index.php\/wp-json\/wp\/v2\/pages\/48","targetHints":{"allow":["GET"]}}],"collection":[{"href":"https:\/\/unisversdemain.fr\/index.php\/wp-json\/wp\/v2\/pages"}],"about":[{"href":"https:\/\/unisversdemain.fr\/index.php\/wp-json\/wp\/v2\/types\/page"}],"author":[{"embeddable":true,"href":"https:\/\/unisversdemain.fr\/index.php\/wp-json\/wp\/v2\/users\/1"}],"replies":[{"embeddable":true,"href":"https:\/\/unisversdemain.fr\/index.php\/wp-json\/wp\/v2\/comments?post=48"}],"version-history":[{"count":8,"href":"https:\/\/unisversdemain.fr\/index.php\/wp-json\/wp\/v2\/pages\/48\/revisions"}],"predecessor-version":[{"id":137,"href":"https:\/\/unisversdemain.fr\/index.php\/wp-json\/wp\/v2\/pages\/48\/revisions\/137"}],"wp:attachment":[{"href":"https:\/\/unisversdemain.fr\/index.php\/wp-json\/wp\/v2\/media?parent=48"}],"curies":[{"name":"wp","href":"https:\/\/api.w.org\/{rel}","templated":true}]}}