{"id":41,"date":"2026-01-28T20:49:44","date_gmt":"2026-01-28T20:49:44","guid":{"rendered":"https:\/\/unisversdemain.fr\/?page_id=41"},"modified":"2026-02-14T12:58:30","modified_gmt":"2026-02-14T12:58:30","slug":"contact","status":"publish","type":"page","link":"https:\/\/unisversdemain.fr\/index.php\/contact\/","title":{"rendered":"Contact"},"content":{"rendered":"\n<h2 class=\"wp-block-heading\"><strong>\u00c9crivons ensemble l&rsquo;avenir de Neufch\u00e2tel-Hardelot<\/strong><\/h2>\n\n\n\n<p><strong>Votre avis est le moteur de notre action.<\/strong> Utilisez le formulaire ci-dessous pour nous transmettre vos messages : nous nous engageons \u00e0 vous r\u00e9pondre personnellement dans les plus brefs d\u00e9lais. <\/p>\n\n\n\n<p>Une \u00e9lection municipale n&rsquo;est pas seulement le choix d&rsquo;une \u00e9quipe, c&rsquo;est le d\u00e9but d&rsquo;un dialogue. <strong>Paulette Juilien-Peuvion<\/strong> et l&rsquo;ensemble des candidats souhaitent construire ce projet avec vous.<\/p>\n\n\n\n<p>Vous avez une question sur nos engagements, une suggestion pour votre secteur ou simplement l&rsquo;envie de nous rejoindre ?<\/p>\n\n\n\n<div class=\"wp-block-contact-form-7-contact-form-selector\">\n<div class=\"wpcf7 no-js\" id=\"wpcf7-f7-o1\" lang=\"fr-FR\" dir=\"ltr\" data-wpcf7-id=\"7\">\n<div class=\"screen-reader-response\"><p role=\"status\" aria-live=\"polite\" aria-atomic=\"true\"><\/p> <ul><\/ul><\/div>\n<form action=\"\/index.php\/wp-json\/wp\/v2\/pages\/41#wpcf7-f7-o1\" method=\"post\" class=\"wpcf7-form init\" aria-label=\"Formulaire de contact\" novalidate=\"novalidate\" data-status=\"init\">\n<fieldset class=\"hidden-fields-container\"><input type=\"hidden\" name=\"_wpcf7\" value=\"7\" \/><input type=\"hidden\" name=\"_wpcf7_version\" value=\"6.1.5\" \/><input type=\"hidden\" name=\"_wpcf7_locale\" value=\"fr_FR\" \/><input type=\"hidden\" name=\"_wpcf7_unit_tag\" value=\"wpcf7-f7-o1\" \/><input type=\"hidden\" name=\"_wpcf7_container_post\" value=\"0\" \/><input type=\"hidden\" name=\"_wpcf7_posted_data_hash\" value=\"\" \/>\n<\/fieldset>\n<p><label> Votre nom et pr\u00e9nom<br \/>\n<span class=\"wpcf7-form-control-wrap\" data-name=\"your-name\"><input size=\"40\" maxlength=\"400\" class=\"wpcf7-form-control wpcf7-text wpcf7-validates-as-required\" autocomplete=\"name\" aria-required=\"true\" aria-invalid=\"false\" value=\"\" type=\"text\" name=\"your-name\" \/><\/span> <\/label>\n<\/p>\n<p><label> Votre e-mail<br \/>\n<span class=\"wpcf7-form-control-wrap\" data-name=\"your-email\"><input size=\"40\" maxlength=\"400\" class=\"wpcf7-form-control wpcf7-email wpcf7-validates-as-required wpcf7-text wpcf7-validates-as-email\" autocomplete=\"email\" aria-required=\"true\" aria-invalid=\"false\" value=\"\" type=\"email\" name=\"your-email\" \/><\/span> <\/label>\n<\/p>\n<p><label> Secteur<br \/>\n<span class=\"wpcf7-form-control-wrap\" data-name=\"your-subject\"><input size=\"40\" maxlength=\"400\" class=\"wpcf7-form-control wpcf7-text wpcf7-validates-as-required\" aria-required=\"true\" aria-invalid=\"false\" value=\"\" type=\"text\" name=\"your-subject\" \/><\/span> <\/label>\n<\/p>\n<p><label> Sujet<br \/>\n<span class=\"wpcf7-form-control-wrap\" data-name=\"select-578\"><select class=\"wpcf7-form-control wpcf7-select\" aria-invalid=\"false\" name=\"select-578\"><option value=\"Nous rejoindre\">Nous rejoindre<\/option><option value=\"Question sur le programme\">Question sur le programme<\/option><option value=\"Suggestion pour la ville\">Suggestion pour la ville<\/option><option value=\"Autre\">Autre<\/option><\/select><\/span> <\/label>\n<\/p>\n<p><label> Votre message<br \/>\n<span class=\"wpcf7-form-control-wrap\" data-name=\"your-message\"><textarea cols=\"40\" rows=\"10\" maxlength=\"2000\" class=\"wpcf7-form-control wpcf7-textarea\" aria-invalid=\"false\" name=\"your-message\"><\/textarea><\/span> <\/label>\n<\/p>\n<p><input class=\"wpcf7-form-control wpcf7-submit has-spinner\" type=\"submit\" value=\"Envoyer\" \/>\n<\/p><p style=\"display: none !important;\" class=\"akismet-fields-container\" data-prefix=\"_wpcf7_ak_\"><label>&#916;<textarea name=\"_wpcf7_ak_hp_textarea\" cols=\"45\" rows=\"8\" maxlength=\"100\"><\/textarea><\/label><input type=\"hidden\" id=\"ak_js_1\" name=\"_wpcf7_ak_js\" value=\"37\"\/><script>document.getElementById( \"ak_js_1\" ).setAttribute( \"value\", ( new Date() ).getTime() );<\/script><\/p><div class=\"wpcf7-response-output\" aria-hidden=\"true\"><\/div>\n<\/form>\n<\/div>\n<\/div>\n\n\n\n<p><em>Vos donn\u00e9es sont trait\u00e9es exclusivement dans le cadre de la campagne municipale et ne seront jamais transmises \u00e0 des tiers.<\/em><\/p>\n\n\n\n<p><\/p>\n","protected":false},"excerpt":{"rendered":"<p>\u00c9crivons ensemble l&rsquo;avenir de Neufch\u00e2tel-Hardelot Votre avis est le moteur de notre action. Utilisez le formulaire ci-dessous pour nous transmettre vos messages : nous nous engageons \u00e0 vous r\u00e9pondre personnellement dans les plus brefs d\u00e9lais. Une \u00e9lection municipale n&rsquo;est pas seulement le choix d&rsquo;une \u00e9quipe, c&rsquo;est le d\u00e9but d&rsquo;un dialogue. Paulette Juilien-Peuvion et l&rsquo;ensemble des [&hellip;]<\/p>\n","protected":false},"author":1,"featured_media":0,"parent":0,"menu_order":0,"comment_status":"closed","ping_status":"closed","template":"","meta":{"footnotes":""},"class_list":["post-41","page","type-page","status-publish","hentry"],"yoast_head":"<!-- This site is optimized with the Yoast SEO plugin v27.0 - https:\/\/yoast.com\/product\/yoast-seo-wordpress\/ -->\n<title>Contact - Unis vers Demain<\/title>\n<meta name=\"robots\" content=\"index, follow, max-snippet:-1, max-image-preview:large, max-video-preview:-1\" \/>\n<link rel=\"canonical\" href=\"http:\/\/unisversdemain.fr\/index.php\/contact\/\" \/>\n<meta property=\"og:locale\" content=\"fr_FR\" \/>\n<meta property=\"og:type\" content=\"article\" \/>\n<meta property=\"og:title\" content=\"Contact - Unis vers Demain\" \/>\n<meta property=\"og:description\" content=\"\u00c9crivons ensemble l&rsquo;avenir de Neufch\u00e2tel-Hardelot Votre avis est le moteur de notre action. Utilisez le formulaire ci-dessous pour nous transmettre vos messages : nous nous engageons \u00e0 vous r\u00e9pondre personnellement dans les plus brefs d\u00e9lais. Une \u00e9lection municipale n&rsquo;est pas seulement le choix d&rsquo;une \u00e9quipe, c&rsquo;est le d\u00e9but d&rsquo;un dialogue. Paulette Juilien-Peuvion et l&rsquo;ensemble des [&hellip;]\" \/>\n<meta property=\"og:url\" content=\"http:\/\/unisversdemain.fr\/index.php\/contact\/\" \/>\n<meta property=\"og:site_name\" content=\"Unis vers Demain\" \/>\n<meta property=\"article:modified_time\" content=\"2026-02-14T12:58:30+00:00\" \/>\n<meta name=\"twitter:card\" content=\"summary_large_image\" \/>\n<meta name=\"twitter:label1\" content=\"Dur\u00e9e de lecture estim\u00e9e\" \/>\n\t<meta name=\"twitter:data1\" content=\"1 minute\" \/>\n<script type=\"application\/ld+json\" class=\"yoast-schema-graph\">{\"@context\":\"https:\/\/schema.org\",\"@graph\":[{\"@type\":\"WebPage\",\"@id\":\"http:\/\/unisversdemain.fr\/index.php\/contact\/\",\"url\":\"http:\/\/unisversdemain.fr\/index.php\/contact\/\",\"name\":\"Contact - Unis vers Demain\",\"isPartOf\":{\"@id\":\"https:\/\/unisversdemain.fr\/#website\"},\"datePublished\":\"2026-01-28T20:49:44+00:00\",\"dateModified\":\"2026-02-14T12:58:30+00:00\",\"breadcrumb\":{\"@id\":\"http:\/\/unisversdemain.fr\/index.php\/contact\/#breadcrumb\"},\"inLanguage\":\"fr-FR\",\"potentialAction\":[{\"@type\":\"ReadAction\",\"target\":[\"http:\/\/unisversdemain.fr\/index.php\/contact\/\"]}]},{\"@type\":\"BreadcrumbList\",\"@id\":\"http:\/\/unisversdemain.fr\/index.php\/contact\/#breadcrumb\",\"itemListElement\":[{\"@type\":\"ListItem\",\"position\":1,\"name\":\"Accueil\",\"item\":\"https:\/\/unisversdemain.fr\/\"},{\"@type\":\"ListItem\",\"position\":2,\"name\":\"Contact\"}]},{\"@type\":\"WebSite\",\"@id\":\"https:\/\/unisversdemain.fr\/#website\",\"url\":\"https:\/\/unisversdemain.fr\/\",\"name\":\"Unis vers Demain\",\"description\":\"Neufch\u00e2tel-Hardelot\",\"potentialAction\":[{\"@type\":\"SearchAction\",\"target\":{\"@type\":\"EntryPoint\",\"urlTemplate\":\"https:\/\/unisversdemain.fr\/?s={search_term_string}\"},\"query-input\":{\"@type\":\"PropertyValueSpecification\",\"valueRequired\":true,\"valueName\":\"search_term_string\"}}],\"inLanguage\":\"fr-FR\"}]}<\/script>\n<!-- \/ Yoast SEO plugin. -->","yoast_head_json":{"title":"Contact - Unis vers Demain","robots":{"index":"index","follow":"follow","max-snippet":"max-snippet:-1","max-image-preview":"max-image-preview:large","max-video-preview":"max-video-preview:-1"},"canonical":"http:\/\/unisversdemain.fr\/index.php\/contact\/","og_locale":"fr_FR","og_type":"article","og_title":"Contact - Unis vers Demain","og_description":"\u00c9crivons ensemble l&rsquo;avenir de Neufch\u00e2tel-Hardelot Votre avis est le moteur de notre action. Utilisez le formulaire ci-dessous pour nous transmettre vos messages : nous nous engageons \u00e0 vous r\u00e9pondre personnellement dans les plus brefs d\u00e9lais. Une \u00e9lection municipale n&rsquo;est pas seulement le choix d&rsquo;une \u00e9quipe, c&rsquo;est le d\u00e9but d&rsquo;un dialogue. Paulette Juilien-Peuvion et l&rsquo;ensemble des [&hellip;]","og_url":"http:\/\/unisversdemain.fr\/index.php\/contact\/","og_site_name":"Unis vers Demain","article_modified_time":"2026-02-14T12:58:30+00:00","twitter_card":"summary_large_image","twitter_misc":{"Dur\u00e9e de lecture estim\u00e9e":"1 minute"},"schema":{"@context":"https:\/\/schema.org","@graph":[{"@type":"WebPage","@id":"http:\/\/unisversdemain.fr\/index.php\/contact\/","url":"http:\/\/unisversdemain.fr\/index.php\/contact\/","name":"Contact - Unis vers Demain","isPartOf":{"@id":"https:\/\/unisversdemain.fr\/#website"},"datePublished":"2026-01-28T20:49:44+00:00","dateModified":"2026-02-14T12:58:30+00:00","breadcrumb":{"@id":"http:\/\/unisversdemain.fr\/index.php\/contact\/#breadcrumb"},"inLanguage":"fr-FR","potentialAction":[{"@type":"ReadAction","target":["http:\/\/unisversdemain.fr\/index.php\/contact\/"]}]},{"@type":"BreadcrumbList","@id":"http:\/\/unisversdemain.fr\/index.php\/contact\/#breadcrumb","itemListElement":[{"@type":"ListItem","position":1,"name":"Accueil","item":"https:\/\/unisversdemain.fr\/"},{"@type":"ListItem","position":2,"name":"Contact"}]},{"@type":"WebSite","@id":"https:\/\/unisversdemain.fr\/#website","url":"https:\/\/unisversdemain.fr\/","name":"Unis vers Demain","description":"Neufch\u00e2tel-Hardelot","potentialAction":[{"@type":"SearchAction","target":{"@type":"EntryPoint","urlTemplate":"https:\/\/unisversdemain.fr\/?s={search_term_string}"},"query-input":{"@type":"PropertyValueSpecification","valueRequired":true,"valueName":"search_term_string"}}],"inLanguage":"fr-FR"}]}},"_links":{"self":[{"href":"https:\/\/unisversdemain.fr\/index.php\/wp-json\/wp\/v2\/pages\/41","targetHints":{"allow":["GET"]}}],"collection":[{"href":"https:\/\/unisversdemain.fr\/index.php\/wp-json\/wp\/v2\/pages"}],"about":[{"href":"https:\/\/unisversdemain.fr\/index.php\/wp-json\/wp\/v2\/types\/page"}],"author":[{"embeddable":true,"href":"https:\/\/unisversdemain.fr\/index.php\/wp-json\/wp\/v2\/users\/1"}],"replies":[{"embeddable":true,"href":"https:\/\/unisversdemain.fr\/index.php\/wp-json\/wp\/v2\/comments?post=41"}],"version-history":[{"count":6,"href":"https:\/\/unisversdemain.fr\/index.php\/wp-json\/wp\/v2\/pages\/41\/revisions"}],"predecessor-version":[{"id":140,"href":"https:\/\/unisversdemain.fr\/index.php\/wp-json\/wp\/v2\/pages\/41\/revisions\/140"}],"wp:attachment":[{"href":"https:\/\/unisversdemain.fr\/index.php\/wp-json\/wp\/v2\/media?parent=41"}],"curies":[{"name":"wp","href":"https:\/\/api.w.org\/{rel}","templated":true}]}}